{"id":49,"date":"2023-06-03T10:15:39","date_gmt":"2023-06-03T10:15:39","guid":{"rendered":"https:\/\/gap.h216182.dpsmedia.vn\/?page_id=49"},"modified":"2023-10-23T07:02:24","modified_gmt":"2023-10-23T07:02:24","slug":"danh-cho-to-chuc","status":"publish","type":"page","link":"https:\/\/gap-institute.com\/en\/chuong-trinh-dao-tao\/danh-cho-to-chuc\/","title":{"rendered":"For Organizations"},"content":{"rendered":"<section class=\"section\" id=\"section_1276248610\">\n\t\t<div class=\"bg section-bg fill bg-fill  bg-loaded\" >\n\n\t\t\t\n\t\t\t\n\t\t\t\n\n\t\t<\/div>\n\n\t\t\n\n\t\t<div class=\"section-content relative\">\n\t\t\t\n<div class=\"row\"  id=\"row-198440069\">\n\n\t<div id=\"col-69566145\" class=\"col small-12 large-12\"  >\n\t\t\t\t<div class=\"col-inner\"  >\n\t\t\t\n\t\t\t\n<h3><span><span><a href=\"https:\/\/gap-institute.com\/en\/\">Home<\/a><\/span><\/span><\/h3>\r\n<div class=\"is-divider divider clearfix\" style=\"margin-top:2em;margin-bottom:2em;max-width:100%;height:2px;background-color:rgb(103, 104, 103);\"><\/div>\n\t\t<\/div>\n\t\t\t\t\t<\/div>\n\n\t\n<\/div>\n<div class=\"row\"  id=\"row-1859022154\">\n\n\t<div id=\"col-1857348652\" class=\"col widget-portfolio medium-4 small-12 large-4\"  >\n\t\t\t\t<div class=\"col-inner\"  >\n\t\t\t\n\t\t\t\n<div class=\"searchform-wrapper ux-search-box relative form-flat is-normal\"><form method=\"get\" class=\"searchform\" action=\"https:\/\/gap-institute.com\/en\/\" role=\"search\" data-trp-original-action=\"https:\/\/gap-institute.com\/en\/\">\n\t\t<div class=\"flex-row relative\">\n\t\t\t<div class=\"flex-col flex-grow\">\n\t   \t   <input type=\"search\" class=\"search-field mb-0\" name=\"s\" value=\"\" id=\"s\" placeholder=\"Search&hellip;\" \/>\n\t\t\t<\/div>\n\t\t\t<div class=\"flex-col\">\n\t\t\t\t<button type=\"submit\" class=\"ux-search-submit submit-button secondary button icon mb-0\" aria-label=\"Submit\">\n\t\t\t\t\t<i class=\"icon-search\" ><\/i>\t\t\t\t<\/button>\n\t\t\t<\/div>\n\t\t<\/div>\n    <div class=\"live-search-results text-left z-top\"><\/div>\n<input type=\"hidden\" name=\"trp-form-language\" value=\"en\"\/><\/form>\n<\/div>\n<ul class=\"sidebar-wrapper ul-reset\"><aside id=\"custom-post-type-categories-3\" class=\"widget widget_categories\"><span class=\"widget-title\"><span>Format<\/span><\/span><div class=\"is-divider small\"><\/div>\t\t\t<ul>\n\t\t\t\t<li class=\"cat-item cat-item-21\"><a href=\"https:\/\/gap-institute.com\/en\/featured_item_category\/chuong-trinh-danh-cho-ca-nhan\/\">Courses for Individuals<\/a>\n<\/li>\n\t<li class=\"cat-item cat-item-22\"><a href=\"https:\/\/gap-institute.com\/en\/featured_item_category\/chuong-trinh-danh-cho-to-chuc\/\">Courses for Organizations<\/a>\n<\/li>\n\t\t\t<\/ul>\n\t\t\t<\/aside>\t\t\t<aside id=\"custom-post-type-recent-posts-2\" class=\"widget widget_recent_entries\"><span class=\"widget-title\"><span>Courses<\/span><\/span><div class=\"is-divider small\"><\/div>\t\t\t<ul>\n\t\t\t\t\t\t\t\t\t\t\t\t\t<li>\n\t\t\t\t\t\t\t\t\t\t<a href=\"https:\/\/gap-institute.com\/en\/career-ready-for-middle-managers\/\">Career Ready for Middle Managers<\/a>\n\t\t\t\t\t\t\t\t\t\t\t\t\t\t<\/li>\n\t\t\t\t\t\t\t\t\t\t\t\t\t<li>\n\t\t\t\t\t\t\t\t\t\t<a href=\"https:\/\/gap-institute.com\/en\/master-your-life-emotion-management\/\">Master your life: Emotion Management<\/a>\n\t\t\t\t\t\t\t\t\t\t\t\t\t\t<\/li>\n\t\t\t\t\t\t\t\t\t\t\t\t\t<li>\n\t\t\t\t\t\t\t\t\t\t<a href=\"https:\/\/gap-institute.com\/en\/master-your-life-eq-leadership\/\">Master your life: EQ Leadership<\/a>\n\t\t\t\t\t\t\t\t\t\t\t\t\t\t<\/li>\n\t\t\t\t\t\t\t\t\t\t\t\t\t<li>\n\t\t\t\t\t\t\t\t\t\t<a href=\"https:\/\/gap-institute.com\/en\/academic-skills\/\">Academic skills<\/a>\n\t\t\t\t\t\t\t\t\t\t\t\t\t\t<\/li>\n\t\t\t\t\t\t\t\t\t\t\t\t\t<li>\n\t\t\t\t\t\t\t\t\t\t<a href=\"https:\/\/gap-institute.com\/en\/career-ready-for-admissions-officers\/\">Career Ready for Admissions Officers<\/a>\n\t\t\t\t\t\t\t\t\t\t\t\t\t\t<\/li>\n\t\t\t\t\t\t\t<\/ul>\n\t\t\t<\/aside><\/ul>\n\n<p>&nbsp;<\/p>\n<p><a style=\"background-color: #fdb913; border-radius: 7px; padding: 10px; color: #fff;\" href=\"https:\/\/gap-institute.com\/en\/lien-he\/\"><i class=\"fa-regular fa-calendar-minus\"><\/i> Contact Now<\/a><br \/>\n\n\t\t<\/div>\n\t\t\t\t\t<\/div>\n\n\t\n\n\t<div id=\"col-2026047997\" class=\"col medium-8 small-12 large-8 small-col-first\"  >\n\t\t\t\t<div class=\"col-inner\"  >\n\t\t\t\n\t\t\t\n<p style=\"text-align: justify;\">Stemming from the desire to source Vietnamese talent and elevate Vietnamese human resources to an international level, G.A.P aims to become one of the pioneers in the Training and Human Resource Development field with solutions with the most in-depth &amp; professional training.<\/p>\n\n<div id=\"pcp_wrapper-556\"\n\tclass=\"sp-pcp-section sp-pcp-container pcp-wrapper-556\"  data-pagination=\"ajax_load_more\" data-pagination_mobile=\"infinite_scroll\" data-sid=\"556\tdata-sid=\"556\"\" data-lang=\"\">\n\t\t<div class=\"sp-pcp-row\">\n\t\t\t\t\t<div class=\"sp-pcp-col-xs-1\">\n\t\t\t<div class=\"sp-pcp-post left-thumb pcp-item-409\" data-id=\"409\">\n\t\t\t\t\t\t\t<div class=\"sp-pcp-post-details\">\n\t\t\t\t\t<div class=\"sp-pcp-post-details-content\">\n\t\t\t<div class=\"pcp-category above_title featured_item_category\">\n\t<a href=\"https:\/\/gap-institute.com\/en\/featured_item_category\/chuong-trinh-danh-cho-to-chuc\/\" rel=\"tag\">Courses for Organizations<\/a><\/div>\n\n<h2 class=\"sp-pcp-title\">\n\n\t\t\t<a href=\"https:\/\/gap-institute.com\/en\/career-ready-for-middle-managers\/\" target=\"_self\">Career Ready for Middle Managers<\/a>\t\n<\/h2>\n\n\t<div class=\"sp-pcp-post-meta\"><ul><\/ul><\/div><div class=\"sp_pcp_cf_list\"><div class=\"sp_pcp_ctf-trang_thai\"><i class=\"fa fa-external-link-square\"><\/i><span class=\"sp-pcp-cf-name\">Status<\/span>\u2705<\/div><div class=\"sp_pcp_ctf-hinh_thuc\"><i class=\"fa fa-calendar-o\"><\/i><span class=\"sp-pcp-cf-name\">Format:<\/span>Online\/ Offline<\/div><\/div><div class=\"sp-pcp-post-content\">\n\t<b>About us<\/b>\r\n\r\n<span style=\"font-weight: 400\">The Middle Management Training Program will give you the necessary skills and knowledge to take on a middle management role effectively. The program focuses on management areas such as leadership, team management, etc.<\/span><div class=\"sp-pcp-readmore\">\n\t\t\t<a class=\"pcp-readmore-link\" target=\"_self\" href=\"https:\/\/gap-institute.com\/en\/career-ready-for-middle-managers\/\">\n\t\tView more \u279c <\/a>\n<\/div>\n\t<\/div>\n\t\t\t\t\t\t\t<\/div>\n\t\t\t\t<\/div>\n\t\t\t<\/div>\n\t\t\t<\/div>\n\t\t\t\t\t\t\t<div class=\"sp-pcp-col-xs-1\">\n\t\t\t<div class=\"sp-pcp-post left-thumb pcp-item-408\" data-id=\"408\">\n\t\t\t\t\t\t\t<div class=\"sp-pcp-post-details\">\n\t\t\t\t\t<div class=\"sp-pcp-post-details-content\">\n\t\t\t<div class=\"pcp-category above_title featured_item_category\">\n\t<a href=\"https:\/\/gap-institute.com\/en\/featured_item_category\/chuong-trinh-danh-cho-to-chuc\/\" rel=\"tag\">Courses for Organizations<\/a><\/div>\n\n<h2 class=\"sp-pcp-title\">\n\n\t\t\t<a href=\"https:\/\/gap-institute.com\/en\/master-your-life-emotion-management\/\" target=\"_self\">Master your life: Emotion Management<\/a>\t\n<\/h2>\n\n\t<div class=\"sp-pcp-post-meta\"><ul><\/ul><\/div><div class=\"sp_pcp_cf_list\"><div class=\"sp_pcp_ctf-trang_thai\"><i class=\"fa fa-external-link-square\"><\/i><span class=\"sp-pcp-cf-name\">Status<\/span>\u2705<\/div><div class=\"sp_pcp_ctf-hinh_thuc\"><i class=\"fa fa-calendar-o\"><\/i><span class=\"sp-pcp-cf-name\">Format:<\/span>Online\/ Offline<\/div><\/div><div class=\"sp-pcp-post-content\">\n\t<b>About us<\/b>\r\n\r\n<span style=\"font-weight: 400\">The \"Emotional Management - Mastering Life\" course is an exciting and valuable learning program that helps you understand the importance of emotional management in daily life and work. Learners can explore and practice emotional management skills, build confidence, and create a balanced, successful life.<\/span><div class=\"sp-pcp-readmore\">\n\t\t\t<a class=\"pcp-readmore-link\" target=\"_self\" href=\"https:\/\/gap-institute.com\/en\/master-your-life-emotion-management\/\">\n\t\tView more \u279c <\/a>\n<\/div>\n\t<\/div>\n\t\t\t\t\t\t\t<\/div>\n\t\t\t\t<\/div>\n\t\t\t<\/div>\n\t\t\t<\/div>\n\t\t\t\t\t\t\t<div class=\"sp-pcp-col-xs-1\">\n\t\t\t<div class=\"sp-pcp-post left-thumb pcp-item-407\" data-id=\"407\">\n\t\t\t\t\t\t\t<div class=\"sp-pcp-post-details\">\n\t\t\t\t\t<div class=\"sp-pcp-post-details-content\">\n\t\t\t<div class=\"pcp-category above_title featured_item_category\">\n\t<a href=\"https:\/\/gap-institute.com\/en\/featured_item_category\/chuong-trinh-danh-cho-to-chuc\/\" rel=\"tag\">Courses for Organizations<\/a><\/div>\n\n<h2 class=\"sp-pcp-title\">\n\n\t\t\t<a href=\"https:\/\/gap-institute.com\/en\/master-your-life-eq-leadership\/\" target=\"_self\">Master your life: EQ Leadership<\/a>\t\n<\/h2>\n\n\t<div class=\"sp-pcp-post-meta\"><ul><\/ul><\/div><div class=\"sp_pcp_cf_list\"><div class=\"sp_pcp_ctf-trang_thai\"><i class=\"fa fa-external-link-square\"><\/i><span class=\"sp-pcp-cf-name\">Status<\/span>\u2705<\/div><div class=\"sp_pcp_ctf-hinh_thuc\"><i class=\"fa fa-calendar-o\"><\/i><span class=\"sp-pcp-cf-name\">Format:<\/span>Online\/ Offline<\/div><\/div><div class=\"sp-pcp-post-content\">\n\t<b>About us<\/b>\r\n\r\n<span style=\"font-weight: 400\">The EQ Leadership course introduces the concepts of EQ (emotional intelligence) in leadership, helping learners improve their leadership capacity. Through practical case studies, learners practice reflection, explore the ERQ model and elements of emotional intelligence development, and apply EQ in managing and leading teams more effectively.<\/span><div class=\"sp-pcp-readmore\">\n\t\t\t<a class=\"pcp-readmore-link\" target=\"_self\" href=\"https:\/\/gap-institute.com\/en\/master-your-life-eq-leadership\/\">\n\t\tView more \u279c <\/a>\n<\/div>\n\t<\/div>\n\t\t\t\t\t\t\t<\/div>\n\t\t\t\t<\/div>\n\t\t\t<\/div>\n\t\t\t<\/div>\n\t\t\t\t\t\t\t<div class=\"sp-pcp-col-xs-1\">\n\t\t\t<div class=\"sp-pcp-post left-thumb pcp-item-405\" data-id=\"405\">\n\t\t\t\t\t\t\t<div class=\"sp-pcp-post-details\">\n\t\t\t\t\t<div class=\"sp-pcp-post-details-content\">\n\t\t\t<div class=\"pcp-category above_title featured_item_category\">\n\t<a href=\"https:\/\/gap-institute.com\/en\/featured_item_category\/chuong-trinh-danh-cho-to-chuc\/\" rel=\"tag\">Courses for Organizations<\/a><\/div>\n\n<h2 class=\"sp-pcp-title\">\n\n\t\t\t<a href=\"https:\/\/gap-institute.com\/en\/career-ready-for-admissions-officers\/\" target=\"_self\">Career Ready for Admissions Officers<\/a>\t\n<\/h2>\n\n\t<div class=\"sp-pcp-post-meta\"><ul><\/ul><\/div><div class=\"sp_pcp_cf_list\"><div class=\"sp_pcp_ctf-trang_thai\"><i class=\"fa fa-external-link-square\"><\/i><span class=\"sp-pcp-cf-name\">Status<\/span>\u2705<\/div><div class=\"sp_pcp_ctf-hinh_thuc\"><i class=\"fa fa-calendar-o\"><\/i><span class=\"sp-pcp-cf-name\">Format:<\/span>Online\/ Offline<\/div><\/div><div class=\"sp-pcp-post-content\">\n\t<b>About us\u00a0<\/b>\r\n\r\n<span style=\"font-weight: 400\">This training and capacity development program for the admission consultants team is to provide the necessary knowledge and skills for admission consultants. The systematic program helps participants master admission and career guidance knowledge, develop communication and counseling skills, ...<\/span><div class=\"sp-pcp-readmore\">\n\t\t\t<a class=\"pcp-readmore-link\" target=\"_self\" href=\"https:\/\/gap-institute.com\/en\/career-ready-for-admissions-officers\/\">\n\t\tView more \u279c <\/a>\n<\/div>\n\t<\/div>\n\t\t\t\t\t\t\t<\/div>\n\t\t\t\t<\/div>\n\t\t\t<\/div>\n\t\t\t<\/div>\n\t\t\t\t\t<\/div>\n\t\t<span class=\"sp-pcp-pagination-data\" style=\"display:none;\" data-loadmoretext=\"Xem th\u00eam\" data-endingtext=\"Kh\u00f4ng c\u00f2n b\u00e0i vi\u1ebft n\u00e0o !\"><\/span>\n\n\t\t<nav class=\"pcp-post-pagination pcp-on-desktop ajax_load_more\">\n\t\t\t\t<\/nav>\n\t\t\t\t\t<nav class=\"pcp-post-pagination pcp-on-mobile infinite_scroll\">\n\t\t\t\t\t\t\t<\/nav>\n\t\t\t\t<\/div>\n\n\n\t\t<\/div>\n\t\t\t\t\t<\/div>\n\n\t\n<\/div>\n\t\t<\/div>\n\n\t\t\n<style>\n#section_1276248610 {\n  padding-top: 30px;\n  padding-bottom: 30px;\n}\n<\/style>\n\t<\/section>","protected":false},"excerpt":{"rendered":"","protected":false},"author":1,"featured_media":0,"parent":31,"menu_order":0,"comment_status":"closed","ping_status":"closed","template":"page-blank.php","meta":{"footnotes":""},"class_list":["post-49","page","type-page","status-publish","hentry"],"acf":[],"yoast_head":"<!-- This site is optimized with the Yoast SEO Premium plugin v20.4 (Yoast SEO v20.4) - https:\/\/yoast.com\/wordpress\/plugins\/seo\/ -->\n<title>D\u00e0nh cho t\u1ed5 ch\u1ee9c - G.A.P<\/title>\n<meta name=\"robots\" content=\"index, follow, max-snippet:-1, max-image-preview:large, max-video-preview:-1\" \/>\n<link rel=\"canonical\" href=\"https:\/\/gap-institute.com\/en\/chuong-trinh-dao-tao\/danh-cho-to-chuc\/\" \/>\n<meta property=\"og:locale\" content=\"en_US\" \/>\n<meta property=\"og:type\" content=\"article\" \/>\n<meta property=\"og:title\" content=\"D\u00e0nh cho t\u1ed5 ch\u1ee9c\" \/>\n<meta property=\"og:url\" content=\"https:\/\/gap-institute.com\/en\/chuong-trinh-dao-tao\/danh-cho-to-chuc\/\" \/>\n<meta property=\"og:site_name\" content=\"G.A.P\" \/>\n<meta property=\"article:modified_time\" content=\"2023-10-23T07:02:24+00:00\" \/>\n<meta name=\"twitter:card\" content=\"summary_large_image\" \/>\n<meta name=\"twitter:label1\" content=\"Est. reading time\" \/>\n\t<meta name=\"twitter:data1\" content=\"1 minute\" \/>\n<script type=\"application\/ld+json\" class=\"yoast-schema-graph\">{\"@context\":\"https:\/\/schema.org\",\"@graph\":[{\"@type\":\"WebPage\",\"@id\":\"https:\/\/gap-institute.com\/chuong-trinh-dao-tao\/danh-cho-to-chuc\/\",\"url\":\"https:\/\/gap-institute.com\/chuong-trinh-dao-tao\/danh-cho-to-chuc\/\",\"name\":\"D\u00e0nh cho t\u1ed5 ch\u1ee9c - G.A.P\",\"isPartOf\":{\"@id\":\"https:\/\/gap-institute.com\/#website\"},\"datePublished\":\"2023-06-03T10:15:39+00:00\",\"dateModified\":\"2023-10-23T07:02:24+00:00\",\"breadcrumb\":{\"@id\":\"https:\/\/gap-institute.com\/chuong-trinh-dao-tao\/danh-cho-to-chuc\/#breadcrumb\"},\"inLanguage\":\"en-US\",\"potentialAction\":[{\"@type\":\"ReadAction\",\"target\":[\"https:\/\/gap-institute.com\/chuong-trinh-dao-tao\/danh-cho-to-chuc\/\"]}]},{\"@type\":\"BreadcrumbList\",\"@id\":\"https:\/\/gap-institute.com\/chuong-trinh-dao-tao\/danh-cho-to-chuc\/#breadcrumb\",\"itemListElement\":[{\"@type\":\"ListItem\",\"position\":1,\"name\":\"Trang ch\u1ee7\",\"item\":\"https:\/\/gap-institute.com\/\"},{\"@type\":\"ListItem\",\"position\":2,\"name\":\"Ch\u01b0\u01a1ng tr\u00ecnh \u0111\u00e0o t\u1ea1o\",\"item\":\"https:\/\/gap-institute.com\/chuong-trinh-dao-tao\/\"},{\"@type\":\"ListItem\",\"position\":3,\"name\":\"D\u00e0nh cho t\u1ed5 ch\u1ee9c\"}]},{\"@type\":\"WebSite\",\"@id\":\"https:\/\/gap-institute.com\/#website\",\"url\":\"https:\/\/gap-institute.com\/\",\"name\":\"G.A.P\",\"description\":\"Ti\u1ebfp S\u1ee9c T\u00e0i N\u0103ng Vi\u1ec7t\",\"potentialAction\":[{\"@type\":\"SearchAction\",\"target\":{\"@type\":\"EntryPoint\",\"urlTemplate\":\"https:\/\/gap-institute.com\/?s={search_term_string}\"},\"query-input\":\"required name=search_term_string\"}],\"inLanguage\":\"en-US\"}]}<\/script>\n<!-- \/ Yoast SEO Premium plugin. -->","yoast_head_json":{"title":"D\u00e0nh cho t\u1ed5 ch\u1ee9c - G.A.P","robots":{"index":"index","follow":"follow","max-snippet":"max-snippet:-1","max-image-preview":"max-image-preview:large","max-video-preview":"max-video-preview:-1"},"canonical":"https:\/\/gap-institute.com\/en\/chuong-trinh-dao-tao\/danh-cho-to-chuc\/","og_locale":"en_US","og_type":"article","og_title":"D\u00e0nh cho t\u1ed5 ch\u1ee9c","og_url":"https:\/\/gap-institute.com\/en\/chuong-trinh-dao-tao\/danh-cho-to-chuc\/","og_site_name":"G.A.P","article_modified_time":"2023-10-23T07:02:24+00:00","twitter_card":"summary_large_image","twitter_misc":{"Est. reading time":"1 minute"},"schema":{"@context":"https:\/\/schema.org","@graph":[{"@type":"WebPage","@id":"https:\/\/gap-institute.com\/chuong-trinh-dao-tao\/danh-cho-to-chuc\/","url":"https:\/\/gap-institute.com\/chuong-trinh-dao-tao\/danh-cho-to-chuc\/","name":"D\u00e0nh cho t\u1ed5 ch\u1ee9c - G.A.P","isPartOf":{"@id":"https:\/\/gap-institute.com\/#website"},"datePublished":"2023-06-03T10:15:39+00:00","dateModified":"2023-10-23T07:02:24+00:00","breadcrumb":{"@id":"https:\/\/gap-institute.com\/chuong-trinh-dao-tao\/danh-cho-to-chuc\/#breadcrumb"},"inLanguage":"en-US","potentialAction":[{"@type":"ReadAction","target":["https:\/\/gap-institute.com\/chuong-trinh-dao-tao\/danh-cho-to-chuc\/"]}]},{"@type":"BreadcrumbList","@id":"https:\/\/gap-institute.com\/chuong-trinh-dao-tao\/danh-cho-to-chuc\/#breadcrumb","itemListElement":[{"@type":"ListItem","position":1,"name":"Trang ch\u1ee7","item":"https:\/\/gap-institute.com\/"},{"@type":"ListItem","position":2,"name":"Ch\u01b0\u01a1ng tr\u00ecnh \u0111\u00e0o t\u1ea1o","item":"https:\/\/gap-institute.com\/chuong-trinh-dao-tao\/"},{"@type":"ListItem","position":3,"name":"D\u00e0nh cho t\u1ed5 ch\u1ee9c"}]},{"@type":"WebSite","@id":"https:\/\/gap-institute.com\/#website","url":"https:\/\/gap-institute.com\/","name":"G.A.P","description":"Ti\u1ebfp S\u1ee9c T\u00e0i N\u0103ng Vi\u1ec7t","potentialAction":[{"@type":"SearchAction","target":{"@type":"EntryPoint","urlTemplate":"https:\/\/gap-institute.com\/?s={search_term_string}"},"query-input":"required name=search_term_string"}],"inLanguage":"en-US"}]}},"_links":{"self":[{"href":"https:\/\/gap-institute.com\/en\/wp-json\/wp\/v2\/pages\/49","targetHints":{"allow":["GET"]}}],"collection":[{"href":"https:\/\/gap-institute.com\/en\/wp-json\/wp\/v2\/pages"}],"about":[{"href":"https:\/\/gap-institute.com\/en\/wp-json\/wp\/v2\/types\/page"}],"author":[{"embeddable":true,"href":"https:\/\/gap-institute.com\/en\/wp-json\/wp\/v2\/users\/1"}],"replies":[{"embeddable":true,"href":"https:\/\/gap-institute.com\/en\/wp-json\/wp\/v2\/comments?post=49"}],"version-history":[{"count":6,"href":"https:\/\/gap-institute.com\/en\/wp-json\/wp\/v2\/pages\/49\/revisions"}],"predecessor-version":[{"id":1082,"href":"https:\/\/gap-institute.com\/en\/wp-json\/wp\/v2\/pages\/49\/revisions\/1082"}],"up":[{"embeddable":true,"href":"https:\/\/gap-institute.com\/en\/wp-json\/wp\/v2\/pages\/31"}],"wp:attachment":[{"href":"https:\/\/gap-institute.com\/en\/wp-json\/wp\/v2\/media?parent=49"}],"curies":[{"name":"wp","href":"https:\/\/api.w.org\/{rel}","templated":true}]}}