{"id":33,"date":"2023-06-03T10:01:14","date_gmt":"2023-06-03T10:01:14","guid":{"rendered":"https:\/\/gap.h216182.dpsmedia.vn\/?page_id=33"},"modified":"2023-12-19T14:35:31","modified_gmt":"2023-12-19T14:35:31","slug":"lien-he","status":"publish","type":"page","link":"https:\/\/gap-institute.com\/en\/lien-he\/","title":{"rendered":"Contact Us"},"content":{"rendered":"<section class=\"section\" id=\"section_2026649871\">\n\t\t<div class=\"bg section-bg fill bg-fill  bg-loaded\" >\n\n\t\t\t\n\t\t\t\n\t\t\t\n\n\t\t<\/div>\n\n\t\t\n\n\t\t<div class=\"section-content relative\">\n\t\t\t\n<div class=\"row\"  id=\"row-126283623\">\n\n\t<div id=\"col-841321987\" class=\"col small-12 large-12\"  >\n\t\t\t\t<div class=\"col-inner\"  >\n\t\t\t\n\t\t\t\n<h2>Contact Us<\/h2>\n<div class=\"is-divider divider clearfix\" style=\"max-width:100%;height:1px;background-color:rgb(0, 0, 0);\"><\/div>\n\t\t<\/div>\n\t\t\t\t\t<\/div>\n\n\t\n<\/div>\n<div class=\"row row-large\"  id=\"row-2108481110\">\n\n\t<div id=\"col-1670891832\" class=\"col medium-5 small-12 large-5\"  >\n\t\t\t\t<div class=\"col-inner\"  >\n\t\t\t\n\t\t\t\n\n\t\t<div class=\"icon-box featured-box icon-box-left text-left\"  >\n\t\t\t\t\t<div class=\"icon-box-img\" style=\"width: 33px\">\n\t\t\t\t<div class=\"icon\">\n\t\t\t\t\t<div class=\"icon-inner\" >\n\t\t\t\t\t\t<img loading=\"lazy\" decoding=\"async\" width=\"40\" height=\"40\" src=\"https:\/\/gap-institute.com\/wp-content\/uploads\/2023\/06\/Key-Visual-2.png\" class=\"attachment-medium size-medium\" alt=\"\" \/>\t\t\t\t\t<\/div>\n\t\t\t\t<\/div>\n\t\t\t<\/div>\n\t\t\t\t<div class=\"icon-box-text last-reset\">\n\t\t\t\t\t\t\t\t\t\n<h2>Connect With Us<\/h2>\n\t\t<\/div>\n\t<\/div>\n\t\n\t\n\t<div id=\"gap-1993529396\" class=\"gap-element clearfix\" style=\"display:block; height:auto;\">\n\t\t\n<style>\n#gap-1993529396 {\n  padding-top: 30px;\n}\n<\/style>\n\t<\/div>\n\t\n<p>Do you need personal or corporate training? Please select your target audience &amp; training program &amp; fill in your contact information for the earliest advice.<\/p>\n\n<p><iframe src=\"https:\/\/www.google.com\/maps\/embed?pb=!1m18!1m12!1m3!1d3919.2175063580457!2d106.68669857526618!3d10.794646489355221!2m3!1f0!2f0!3f0!3m2!1i1024!2i768!4f13.1!3m3!1m2!1s0x317528cd0ae40001%3A0x4685d686477eb884!2zMTBoIMSQLiBUcuG6p24gTmjhuq10IER14bqtdCwgUGjGsOG7nW5nIFTDom4gxJDhu4tuaCwgUXXhuq1uIDEsIFRow6BuaCBwaOG7kSBI4buTIENow60gTWluaCwgVmnhu4d0IE5hbQ!5e0!3m2!1svi!2s!4v1686726968840!5m2!1svi!2s\" width=\"600\" height=\"300\" style=\"border:0;\" allowfullscreen=\"\" loading=\"lazy\" referrerpolicy=\"no-referrer-when-downgrade\"><\/iframe><br \/>\n\n\t\t<\/div>\n\t\t\t\t\t<\/div>\n\n\t\n\n\t<div id=\"col-1213110984\" class=\"col medium-7 small-12 large-7\"  >\n\t\t\t\t<div class=\"col-inner\"  >\n\t\t\t\n\t\t\t\n\t<div id=\"gap-1961045392\" class=\"gap-element clearfix\" style=\"display:block; height:auto;\">\n\t\t\n<style>\n#gap-1961045392 {\n  padding-top: 30px;\n}\n<\/style>\n\t<\/div>\n\t\n\t<div id=\"gap-1007479823\" class=\"gap-element clearfix\" style=\"display:block; height:auto;\">\n\t\t\n<style>\n#gap-1007479823 {\n  padding-top: 30px;\n}\n<\/style>\n\t<\/div>\n\t\n\n\t\t<div class=\"tabbed-content tab-lienhe\">\n\t\t\t\n\t\t\t<ul class=\"nav nav-simple nav-uppercase nav-size-normal nav-left\" role=\"tablist\"><li id=\"tab-c\u00e1-nh\u00e2n\" class=\"tab active has-icon\" role=\"presentation\"><a href=\"#tab_c\u00e1-nh\u00e2n\" role=\"tab\" aria-selected=\"true\" aria-controls=\"tab_c\u00e1-nh\u00e2n\"><span>For Inviduals<\/span><\/a><\/li>\n<li id=\"tab-t\u1ed5-ch\u1ee9c-\/-doanh-nghi\u1ec7p\" class=\"tab has-icon\" role=\"presentation\"><a href=\"#tab_t\u1ed5-ch\u1ee9c-\/-doanh-nghi\u1ec7p\" tabindex=\"-1\" role=\"tab\" aria-selected=\"false\" aria-controls=\"tab_t\u1ed5-ch\u1ee9c-\/-doanh-nghi\u1ec7p\"><span>For Organizations<\/span><\/a><\/li><\/ul><div class=\"tab-panels\"><div id=\"tab_c\u00e1-nh\u00e2n\" class=\"panel active entry-content\" role=\"tabpanel\" aria-labelledby=\"tab-c\u00e1-nh\u00e2n\">\n\n<div class=\"wpcf7 no-js\" id=\"wpcf7-f1589-o1\" lang=\"vi\" dir=\"ltr\">\n<div class=\"screen-reader-response\"><p role=\"status\" aria-live=\"polite\" aria-atomic=\"true\"><\/p> <ul><\/ul><\/div>\n<form action=\"\/en\/wp-json\/wp\/v2\/pages\/33#wpcf7-f1589-o1\" method=\"post\" class=\"wpcf7-form init\" aria-label=\"Form li\u00ean h\u1ec7\" novalidate=\"novalidate\" data-status=\"init\" data-trp-original-action=\"\/en\/wp-json\/wp\/v2\/pages\/33#wpcf7-f1589-o1\">\n<div style=\"display: none;\">\n<input type=\"hidden\" name=\"_wpcf7\" value=\"1589\" \/>\n<input type=\"hidden\" name=\"_wpcf7_version\" value=\"5.9.8\" \/>\n<input type=\"hidden\" name=\"_wpcf7_locale\" value=\"vi\" \/>\n<input type=\"hidden\" name=\"_wpcf7_unit_tag\" value=\"wpcf7-f1589-o1\" \/>\n<input type=\"hidden\" name=\"_wpcf7_container_post\" value=\"0\" \/>\n<input type=\"hidden\" name=\"_wpcf7_posted_data_hash\" value=\"\" \/>\n<\/div>\n<div class=\"row\">\n\t<div style=\"padding-bottom: 0\" class=\"col large-12 medium-12 small-12\">\n\t\t<p><span class=\"wpcf7-form-control-wrap\" data-name=\"text-322\"><input size=\"40\" maxlength=\"400\" class=\"wpcf7-form-control wpcf7-text wpcf7-validates-as-required\" aria-required=\"true\" aria-invalid=\"false\" placeholder=\"Full Name\" value=\"\" type=\"text\" name=\"text-322\" \/><\/span>\n\t\t<\/p>\n\t<\/div>\n\t<div style=\"padding-bottom: 0\" class=\"col large-6 medium-12 small-12\">\n\t\t<p><span class=\"wpcf7-form-control-wrap\" data-name=\"email-924\"><input size=\"40\" maxlength=\"400\" class=\"wpcf7-form-control wpcf7-email wpcf7-validates-as-required wpcf7-text wpcf7-validates-as-email\" aria-required=\"true\" aria-invalid=\"false\" placeholder=\"Email\" value=\"\" type=\"email\" name=\"email-924\" \/><\/span>\n\t\t<\/p>\n\t<\/div>\n\t<div style=\"padding-bottom: 0\" class=\"col large-6 medium-12 small-12\">\n\t\t<p><span class=\"wpcf7-form-control-wrap\" data-name=\"tel-29\"><input size=\"40\" maxlength=\"400\" class=\"wpcf7-form-control wpcf7-tel wpcf7-validates-as-required wpcf7-text wpcf7-validates-as-tel\" aria-required=\"true\" aria-invalid=\"false\" placeholder=\"Phone Number\" value=\"\" type=\"tel\" name=\"tel-29\" \/><\/span>\n\t\t<\/p>\n\t<\/div>\n\t<div style=\"padding-bottom: 0\" class=\"col large-12 medium-12 small-12\">\n\t\t<p><span class=\"wpcf7-form-control-wrap\" data-name=\"menu-316\"><select class=\"wpcf7-form-control wpcf7-select wpcf7-validates-as-required\" aria-required=\"true\" aria-invalid=\"false\" name=\"menu-316\"><option value=\"Ch\u01b0\u01a1ng tr\u00ecnh d\u00e0nh cho c\u00e1 nh\u00e2n\">For Inviduals<\/option><option value=\"Career Ready for Social Innovators\">Career Ready for Social Innovators<\/option><option value=\"Career Ready for Entrepreneurs\">Career Ready for Entrepreneurs<\/option><option value=\"Practical Business Case Thinking\">Practical Business Case Thinking<\/option><\/select><\/span>\n\t\t<\/p>\n\t<\/div>\n\t<div style=\"padding-bottom: 0\" class=\"col large-12 medium-12 small-12\">\n\t\t<p><span class=\"wpcf7-form-control-wrap\" data-name=\"textarea-507\"><textarea cols=\"40\" rows=\"10\" maxlength=\"2000\" class=\"wpcf7-form-control wpcf7-textarea\" aria-invalid=\"false\" placeholder=\"Messeage\" name=\"textarea-507\"><\/textarea><\/span>\n\t\t<\/p>\n\t<\/div>\n\t<div style=\"padding-bottom: 0\" class=\"col large-12 medium-12 small-12\">\n\t\t<p><input class=\"wpcf7-form-control wpcf7-submit has-spinner button sendform expand\" type=\"submit\" value=\"Submit\" \/>\n\t\t<\/p>\n\t<\/div>\n<\/div><p style=\"display: none !important;\" class=\"akismet-fields-container\" data-prefix=\"_wpcf7_ak_\"><label>&#916;<textarea name=\"_wpcf7_ak_hp_textarea\" cols=\"45\" rows=\"8\" maxlength=\"100\"><\/textarea><\/label><input type=\"hidden\" id=\"ak_js_1\" name=\"_wpcf7_ak_js\" value=\"231\"\/><script>document.getElementById( \"ak_js_1\" ).setAttribute( \"value\", ( new Date() ).getTime() );<\/script><\/p><div class=\"wpcf7-response-output\" aria-hidden=\"true\"><\/div>\n<input type=\"hidden\" name=\"trp-form-language\" value=\"en\"\/><\/form>\n<\/div>\n\n<\/div>\n<div id=\"tab_t\u1ed5-ch\u1ee9c-\/-doanh-nghi\u1ec7p\" class=\"panel entry-content\" role=\"tabpanel\" aria-labelledby=\"tab-t\u1ed5-ch\u1ee9c-\/-doanh-nghi\u1ec7p\">\n\n<div class=\"wpcf7 no-js\" id=\"wpcf7-f1590-o2\" lang=\"vi\" dir=\"ltr\">\n<div class=\"screen-reader-response\"><p role=\"status\" aria-live=\"polite\" aria-atomic=\"true\"><\/p> <ul><\/ul><\/div>\n<form action=\"\/en\/wp-json\/wp\/v2\/pages\/33#wpcf7-f1590-o2\" method=\"post\" class=\"wpcf7-form init\" aria-label=\"Form li\u00ean h\u1ec7\" novalidate=\"novalidate\" data-status=\"init\" data-trp-original-action=\"\/en\/wp-json\/wp\/v2\/pages\/33#wpcf7-f1590-o2\">\n<div style=\"display: none;\">\n<input type=\"hidden\" name=\"_wpcf7\" value=\"1590\" \/>\n<input type=\"hidden\" name=\"_wpcf7_version\" value=\"5.9.8\" \/>\n<input type=\"hidden\" name=\"_wpcf7_locale\" value=\"vi\" \/>\n<input type=\"hidden\" name=\"_wpcf7_unit_tag\" value=\"wpcf7-f1590-o2\" \/>\n<input type=\"hidden\" name=\"_wpcf7_container_post\" value=\"0\" \/>\n<input type=\"hidden\" name=\"_wpcf7_posted_data_hash\" value=\"\" \/>\n<\/div>\n<div class=\"row\">\n\t<div style=\"padding-bottom: 0\" class=\"col large-12 medium-12 small-12\">\n\t\t<p><span class=\"wpcf7-form-control-wrap\" data-name=\"text-322\"><input size=\"40\" maxlength=\"400\" class=\"wpcf7-form-control wpcf7-text wpcf7-validates-as-required\" aria-required=\"true\" aria-invalid=\"false\" placeholder=\"Full Name\" value=\"\" type=\"text\" name=\"text-322\" \/><\/span>\n\t\t<\/p>\n\t<\/div>\n\t<div style=\"padding-bottom: 0\" class=\"col large-6 medium-12 small-12\">\n\t\t<p><span class=\"wpcf7-form-control-wrap\" data-name=\"email-924\"><input size=\"40\" maxlength=\"400\" class=\"wpcf7-form-control wpcf7-email wpcf7-validates-as-required wpcf7-text wpcf7-validates-as-email\" aria-required=\"true\" aria-invalid=\"false\" placeholder=\"Email\" value=\"\" type=\"email\" name=\"email-924\" \/><\/span>\n\t\t<\/p>\n\t<\/div>\n\t<div style=\"padding-bottom: 0\" class=\"col large-6 medium-12 small-12\">\n\t\t<p><span class=\"wpcf7-form-control-wrap\" data-name=\"tel-29\"><input size=\"40\" maxlength=\"400\" class=\"wpcf7-form-control wpcf7-tel wpcf7-validates-as-required wpcf7-text wpcf7-validates-as-tel\" aria-required=\"true\" aria-invalid=\"false\" placeholder=\"Phone Number\" value=\"\" type=\"tel\" name=\"tel-29\" \/><\/span>\n\t\t<\/p>\n\t<\/div>\n\t<div style=\"padding-bottom: 0\" class=\"col large-12 medium-12 small-12\">\n\t\t<p><span class=\"wpcf7-form-control-wrap\" data-name=\"menu-316\"><select class=\"wpcf7-form-control wpcf7-select wpcf7-validates-as-required\" aria-required=\"true\" aria-invalid=\"false\" name=\"menu-316\"><option value=\"Ch\u01b0\u01a1ng tr\u00ecnh d\u00e0nh cho t\u1ed5 ch\u1ee9c\">For Organizations<\/option><option value=\"Academic skills - K\u1ef9 n\u0103ng h\u1ecdc thu\u1eadt\">Academic skills - K\u1ef9 n\u0103ng h\u1ecdc thu\u1eadt<\/option><option value=\"Master your life: EQ Leadership\">Master your life: EQ Leadership<\/option><option value=\"Master your life: Emotion Management\">Master your life: Emotion Management<\/option><option value=\"Career Ready for Middle Managers\">Career Ready for Middle Managers<\/option><\/select><\/span>\n\t\t<\/p>\n\t<\/div>\n\t<div style=\"padding-bottom: 0\" class=\"col large-12 medium-12 small-12\">\n\t\t<p><span class=\"wpcf7-form-control-wrap\" data-name=\"textarea-507\"><textarea cols=\"40\" rows=\"10\" maxlength=\"2000\" class=\"wpcf7-form-control wpcf7-textarea\" aria-invalid=\"false\" placeholder=\"Messeage\" name=\"textarea-507\"><\/textarea><\/span>\n\t\t<\/p>\n\t<\/div>\n\t<div style=\"padding-bottom: 0\" class=\"col large-12 medium-12 small-12\">\n\t\t<p><input class=\"wpcf7-form-control wpcf7-submit has-spinner button sendform expand\" type=\"submit\" value=\"Submit\" \/>\n\t\t<\/p>\n\t<\/div>\n<\/div><p style=\"display: none !important;\" class=\"akismet-fields-container\" data-prefix=\"_wpcf7_ak_\"><label>&#916;<textarea name=\"_wpcf7_ak_hp_textarea\" cols=\"45\" rows=\"8\" maxlength=\"100\"><\/textarea><\/label><input type=\"hidden\" id=\"ak_js_2\" name=\"_wpcf7_ak_js\" value=\"182\"\/><script>document.getElementById( \"ak_js_2\" ).setAttribute( \"value\", ( new Date() ).getTime() );<\/script><\/p><div class=\"wpcf7-response-output\" aria-hidden=\"true\"><\/div>\n<input type=\"hidden\" name=\"trp-form-language\" value=\"en\"\/><\/form>\n<\/div>\n\n<\/div><\/div><\/div>\n\t\t<\/div>\n\t\t\t\t\t<\/div>\n\n\t\n<\/div>\n\t\t<\/div>\n\n\t\t\n<style>\n#section_2026649871 {\n  padding-top: 30px;\n  padding-bottom: 30px;\n}\n<\/style>\n\t<\/section>","protected":false},"excerpt":{"rendered":"","protected":false},"author":1,"featured_media":0,"parent":0,"menu_order":0,"comment_status":"closed","ping_status":"closed","template":"page-blank.php","meta":{"footnotes":""},"class_list":["post-33","page","type-page","status-publish","hentry"],"acf":[],"yoast_head":"<!-- This site is optimized with the Yoast SEO Premium plugin v20.4 (Yoast SEO v20.4) - https:\/\/yoast.com\/wordpress\/plugins\/seo\/ -->\n<title>Li\u00ean h\u1ec7 - G.A.P<\/title>\n<meta name=\"robots\" content=\"index, follow, max-snippet:-1, max-image-preview:large, max-video-preview:-1\" \/>\n<link rel=\"canonical\" href=\"https:\/\/gap-institute.com\/en\/lien-he\/\" \/>\n<meta property=\"og:locale\" content=\"en_US\" \/>\n<meta property=\"og:type\" content=\"article\" \/>\n<meta property=\"og:title\" content=\"Li\u00ean h\u1ec7\" \/>\n<meta property=\"og:url\" content=\"https:\/\/gap-institute.com\/en\/lien-he\/\" \/>\n<meta property=\"og:site_name\" content=\"G.A.P\" \/>\n<meta property=\"article:modified_time\" content=\"2023-12-19T14:35:31+00:00\" \/>\n<meta name=\"twitter:card\" content=\"summary_large_image\" \/>\n<script type=\"application\/ld+json\" class=\"yoast-schema-graph\">{\"@context\":\"https:\/\/schema.org\",\"@graph\":[{\"@type\":\"WebPage\",\"@id\":\"https:\/\/gap-institute.com\/en\/lien-he\/\",\"url\":\"https:\/\/gap-institute.com\/en\/lien-he\/\",\"name\":\"Li\u00ean h\u1ec7 - G.A.P\",\"isPartOf\":{\"@id\":\"https:\/\/gap-institute.com\/#website\"},\"datePublished\":\"2023-06-03T10:01:14+00:00\",\"dateModified\":\"2023-12-19T14:35:31+00:00\",\"breadcrumb\":{\"@id\":\"https:\/\/gap-institute.com\/en\/lien-he\/#breadcrumb\"},\"inLanguage\":\"en-US\",\"potentialAction\":[{\"@type\":\"ReadAction\",\"target\":[\"https:\/\/gap-institute.com\/en\/lien-he\/\"]}]},{\"@type\":\"BreadcrumbList\",\"@id\":\"https:\/\/gap-institute.com\/en\/lien-he\/#breadcrumb\",\"itemListElement\":[{\"@type\":\"ListItem\",\"position\":1,\"name\":\"Trang ch\u1ee7\",\"item\":\"https:\/\/gap-institute.com\/\"},{\"@type\":\"ListItem\",\"position\":2,\"name\":\"Li\u00ean h\u1ec7\"}]},{\"@type\":\"WebSite\",\"@id\":\"https:\/\/gap-institute.com\/#website\",\"url\":\"https:\/\/gap-institute.com\/\",\"name\":\"G.A.P\",\"description\":\"Ti\u1ebfp S\u1ee9c T\u00e0i N\u0103ng Vi\u1ec7t\",\"potentialAction\":[{\"@type\":\"SearchAction\",\"target\":{\"@type\":\"EntryPoint\",\"urlTemplate\":\"https:\/\/gap-institute.com\/?s={search_term_string}\"},\"query-input\":\"required name=search_term_string\"}],\"inLanguage\":\"en-US\"}]}<\/script>\n<!-- \/ Yoast SEO Premium plugin. -->","yoast_head_json":{"title":"Li\u00ean h\u1ec7 - G.A.P","robots":{"index":"index","follow":"follow","max-snippet":"max-snippet:-1","max-image-preview":"max-image-preview:large","max-video-preview":"max-video-preview:-1"},"canonical":"https:\/\/gap-institute.com\/en\/lien-he\/","og_locale":"en_US","og_type":"article","og_title":"Li\u00ean h\u1ec7","og_url":"https:\/\/gap-institute.com\/en\/lien-he\/","og_site_name":"G.A.P","article_modified_time":"2023-12-19T14:35:31+00:00","twitter_card":"summary_large_image","schema":{"@context":"https:\/\/schema.org","@graph":[{"@type":"WebPage","@id":"https:\/\/gap-institute.com\/en\/lien-he\/","url":"https:\/\/gap-institute.com\/en\/lien-he\/","name":"Li\u00ean h\u1ec7 - G.A.P","isPartOf":{"@id":"https:\/\/gap-institute.com\/#website"},"datePublished":"2023-06-03T10:01:14+00:00","dateModified":"2023-12-19T14:35:31+00:00","breadcrumb":{"@id":"https:\/\/gap-institute.com\/en\/lien-he\/#breadcrumb"},"inLanguage":"en-US","potentialAction":[{"@type":"ReadAction","target":["https:\/\/gap-institute.com\/en\/lien-he\/"]}]},{"@type":"BreadcrumbList","@id":"https:\/\/gap-institute.com\/en\/lien-he\/#breadcrumb","itemListElement":[{"@type":"ListItem","position":1,"name":"Trang ch\u1ee7","item":"https:\/\/gap-institute.com\/"},{"@type":"ListItem","position":2,"name":"Li\u00ean h\u1ec7"}]},{"@type":"WebSite","@id":"https:\/\/gap-institute.com\/#website","url":"https:\/\/gap-institute.com\/","name":"G.A.P","description":"Ti\u1ebfp S\u1ee9c T\u00e0i N\u0103ng Vi\u1ec7t","potentialAction":[{"@type":"SearchAction","target":{"@type":"EntryPoint","urlTemplate":"https:\/\/gap-institute.com\/?s={search_term_string}"},"query-input":"required name=search_term_string"}],"inLanguage":"en-US"}]}},"_links":{"self":[{"href":"https:\/\/gap-institute.com\/en\/wp-json\/wp\/v2\/pages\/33","targetHints":{"allow":["GET"]}}],"collection":[{"href":"https:\/\/gap-institute.com\/en\/wp-json\/wp\/v2\/pages"}],"about":[{"href":"https:\/\/gap-institute.com\/en\/wp-json\/wp\/v2\/types\/page"}],"author":[{"embeddable":true,"href":"https:\/\/gap-institute.com\/en\/wp-json\/wp\/v2\/users\/1"}],"replies":[{"embeddable":true,"href":"https:\/\/gap-institute.com\/en\/wp-json\/wp\/v2\/comments?post=33"}],"version-history":[{"count":14,"href":"https:\/\/gap-institute.com\/en\/wp-json\/wp\/v2\/pages\/33\/revisions"}],"predecessor-version":[{"id":1592,"href":"https:\/\/gap-institute.com\/en\/wp-json\/wp\/v2\/pages\/33\/revisions\/1592"}],"wp:attachment":[{"href":"https:\/\/gap-institute.com\/en\/wp-json\/wp\/v2\/media?parent=33"}],"curies":[{"name":"wp","href":"https:\/\/api.w.org\/{rel}","templated":true}]}}